{"id":2,"date":"2020-01-13T10:41:00","date_gmt":"2020-01-13T10:41:00","guid":{"rendered":"https:\/\/demosites.io\/web-agency-gb\/?page_id=2"},"modified":"2026-04-03T20:05:39","modified_gmt":"2026-04-03T20:05:39","slug":"15c42-web-agency-gb-news","status":"publish","type":"page","link":"https:\/\/soicisa.com\/index.php\/15c42-web-agency-gb-news\/","title":{"rendered":"Asesor\u00eda y Operaci\u00f3n de PTAR"},"content":{"rendered":"\n<div style=\"height:52px\" aria-hidden=\"true\" class=\"wp-block-spacer\"><\/div>\n\n\n\n<p>Ofrecemos servicios especializados en la asesor\u00eda, puesta en marcha y operaci\u00f3n de plantas de tratamiento de aguas residuales (PTAR), orientados a garantizar su funcionamiento eficiente, cumplimiento normativo y sostenibilidad operativa.<\/p>\n\n\n\n<div class=\"wp-block-columns animated backInLeft has-nv-light-bg-background-color has-background is-layout-flex wp-container-core-columns-layout-1 wp-block-columns-is-layout-flex\">\n<div class=\"wp-block-column is-layout-flow wp-block-column-is-layout-flow\" style=\"flex-basis:50%\">\n<figure class=\"wp-block-image size-full is-resized\"><img loading=\"lazy\" decoding=\"async\" width=\"2560\" height=\"1920\" src=\"https:\/\/soicisa.com\/wp-content\/uploads\/2026\/04\/f02e9d42-6de3-49b7-b4a1-4c68d9fedd69-scaled.jpg\" alt=\"\" class=\"wp-image-615\" style=\"width:499px;height:auto\" srcset=\"https:\/\/soicisa.com\/wp-content\/uploads\/2026\/04\/f02e9d42-6de3-49b7-b4a1-4c68d9fedd69-scaled.jpg 2560w, https:\/\/soicisa.com\/wp-content\/uploads\/2026\/04\/f02e9d42-6de3-49b7-b4a1-4c68d9fedd69-300x225.jpg 300w, https:\/\/soicisa.com\/wp-content\/uploads\/2026\/04\/f02e9d42-6de3-49b7-b4a1-4c68d9fedd69-1024x768.jpg 1024w, https:\/\/soicisa.com\/wp-content\/uploads\/2026\/04\/f02e9d42-6de3-49b7-b4a1-4c68d9fedd69-768x576.jpg 768w, https:\/\/soicisa.com\/wp-content\/uploads\/2026\/04\/f02e9d42-6de3-49b7-b4a1-4c68d9fedd69-1536x1152.jpg 1536w, https:\/\/soicisa.com\/wp-content\/uploads\/2026\/04\/f02e9d42-6de3-49b7-b4a1-4c68d9fedd69-2048x1536.jpg 2048w\" sizes=\"(max-width: 2560px) 100vw, 2560px\" \/><\/figure>\n<\/div>\n\n\n\n<div class=\"wp-block-column is-layout-flow wp-block-column-is-layout-flow\" style=\"flex-basis:50%\">\n<p class=\"has-text-align-center has-neve-link-hover-color-color has-text-color has-link-color has-large-font-size wp-elements-0f11f9b1c50c2a866ffe0d3f3f72efe4\"><strong>\u00bfQu\u00e9 hacemos?<\/strong><\/p>\n\n\n\n<ul>\n<li>Diagn\u00f3stico t\u00e9cnico de sistemas de tratamiento existentes<\/li>\n\n\n\n<li>Acompa\u00f1amiento en arranque y puesta en marcha<\/li>\n\n\n\n<li>Optimizaci\u00f3n de procesos y par\u00e1metros operativos<\/li>\n\n\n\n<li>Asistencia t\u00e9cnica continua en operaci\u00f3n de PTAR<\/li>\n\n\n\n<li>Capacitaci\u00f3n a personal operativo<\/li>\n\n\n\n<li>Cumplimiento de normativas ambientales y de vertimientos<\/li>\n<\/ul>\n\n\n\n<p><\/p>\n<\/div>\n<\/div>\n\n\n\n<div class=\"wp-block-columns animated backInRight is-layout-flex wp-container-core-columns-layout-2 wp-block-columns-is-layout-flex\">\n<div class=\"wp-block-column is-layout-flow wp-block-column-is-layout-flow\">\n<div style=\"height:21px\" aria-hidden=\"true\" class=\"wp-block-spacer\"><\/div>\n\n\n\n<p class=\"has-text-align-center has-neve-link-hover-color-color has-text-color has-link-color has-large-font-size wp-elements-629c7f7cd929a4c5a02fd4c1743c5d92\"><strong>Enfoque de valor<\/strong><\/p>\n\n\n\n<p>Nuestro enfoque se basa en asegurar que cada sistema de tratamiento opere bajo condiciones \u00f3ptimas, reduciendo riesgos operativos, costos innecesarios y posibles sanciones ambientales.<\/p>\n\n\n\n<p>Trabajamos con entidades p\u00fablicas, empresas de servicios p\u00fablicos y sector privado, adaptando cada soluci\u00f3n a las condiciones espec\u00edficas del proyecto.<\/p>\n<\/div>\n\n\n\n<div class=\"wp-block-column is-layout-flow wp-block-column-is-layout-flow\"><div class=\"wp-block-image\">\n<figure class=\"alignright size-full is-resized\"><img loading=\"lazy\" decoding=\"async\" width=\"367\" height=\"367\" src=\"https:\/\/soicisa.com\/wp-content\/uploads\/2023\/12\/ing.-san-1-edited.jpeg\" alt=\"\" class=\"wp-image-450\" style=\"width:508px;height:auto\" srcset=\"https:\/\/soicisa.com\/wp-content\/uploads\/2023\/12\/ing.-san-1-edited.jpeg 367w, https:\/\/soicisa.com\/wp-content\/uploads\/2023\/12\/ing.-san-1-edited-300x300.jpeg 300w, https:\/\/soicisa.com\/wp-content\/uploads\/2023\/12\/ing.-san-1-edited-150x150.jpeg 150w\" sizes=\"(max-width: 367px) 100vw, 367px\" \/><\/figure><\/div><\/div>\n<\/div>\n\n\n\n<div class=\"wp-block-columns animated backInLeft has-nv-light-bg-background-color has-background is-layout-flex wp-container-core-columns-layout-3 wp-block-columns-is-layout-flex\">\n<div class=\"wp-block-column is-vertically-aligned-center is-layout-flow wp-block-column-is-layout-flow\">\n<figure class=\"wp-block-image size-full is-resized\"><img loading=\"lazy\" decoding=\"async\" width=\"2560\" height=\"1920\" src=\"https:\/\/soicisa.com\/wp-content\/uploads\/2026\/04\/20241023_130632-scaled.jpg\" alt=\"\" class=\"wp-image-617\" style=\"width:541px;height:auto\" srcset=\"https:\/\/soicisa.com\/wp-content\/uploads\/2026\/04\/20241023_130632-scaled.jpg 2560w, https:\/\/soicisa.com\/wp-content\/uploads\/2026\/04\/20241023_130632-300x225.jpg 300w, https:\/\/soicisa.com\/wp-content\/uploads\/2026\/04\/20241023_130632-1024x768.jpg 1024w, https:\/\/soicisa.com\/wp-content\/uploads\/2026\/04\/20241023_130632-768x576.jpg 768w, https:\/\/soicisa.com\/wp-content\/uploads\/2026\/04\/20241023_130632-1536x1152.jpg 1536w, https:\/\/soicisa.com\/wp-content\/uploads\/2026\/04\/20241023_130632-2048x1536.jpg 2048w\" sizes=\"(max-width: 2560px) 100vw, 2560px\" \/><\/figure>\n<\/div>\n\n\n\n<div class=\"wp-block-column is-layout-flow wp-block-column-is-layout-flow\">\n<h2 class=\"wp-block-heading has-neve-link-hover-color-color has-text-color has-link-color wp-elements-ce050c3fb968701191ab04172f415bd2\"><strong>\u00bfPor qu\u00e9 elegir nuestros servicios?<\/strong><\/h2>\n\n\n\n<div class=\"wp-block-group is-vertical is-layout-flex wp-container-core-group-layout-2 wp-block-group-is-layout-flex\">\n<div class=\"wp-block-group is-vertical is-layout-flex wp-container-core-group-layout-1 wp-block-group-is-layout-flex\">\n<p>En SOICISA S.A.S. entendemos que la correcta operaci\u00f3n de una planta de tratamiento no solo depende de la infraestructura, sino del conocimiento t\u00e9cnico y la gesti\u00f3n eficiente de los procesos.<\/p>\n\n\n\n<ul>\n<li>Enfoque t\u00e9cnico especializado<\/li>\n\n\n\n<li>Cumplimiento normativo garantizado<\/li>\n\n\n\n<li>Optimizaci\u00f3n de procesos y costos<\/li>\n\n\n\n<li>Acompa\u00f1amiento continuo<\/li>\n\n\n\n<li>Soluciones adaptadas a cada proyecto<\/li>\n\n\n\n<li>Enfoque en sostenibilidad<\/li>\n<\/ul>\n<\/div>\n<\/div>\n<\/div>\n<\/div>\n\n\n\n<div style=\"height:75px\" aria-hidden=\"true\" class=\"wp-block-spacer\"><\/div>\n\n\n\n<div class=\"wp-block-columns animated backInUp has-medium-font-size is-layout-flex wp-container-core-columns-layout-4 wp-block-columns-is-layout-flex\">\n<div class=\"wp-block-column has-nv-light-bg-background-color has-background is-layout-flow wp-block-column-is-layout-flow\">\n<div style=\"height:46px\" aria-hidden=\"true\" class=\"wp-block-spacer\"><\/div>\n\n\n\n<p class=\"has-text-align-center\"><strong>Experiencia en sistemas de tratamiento<\/strong><\/p>\n\n\n\n<p class=\"has-text-align-center has-small-font-size\">Contamos con a\u00f1os de experiencia en el sector y un equipo de profesionales altamente capacitados<\/p>\n\n\n\n<div style=\"height:51px\" aria-hidden=\"true\" class=\"wp-block-spacer\"><\/div>\n<\/div>\n\n\n\n<div class=\"wp-block-column has-background is-layout-flow wp-block-column-is-layout-flow\" style=\"background-color:#d4ebf0\">\n<div style=\"height:67px\" aria-hidden=\"true\" class=\"wp-block-spacer\"><\/div>\n\n\n\n<p class=\"has-text-align-center\"><strong>Eficiencia operativa y control<\/strong><\/p>\n\n\n\n<p class=\"has-text-align-center has-small-font-size\">Optimizamos el funcionamiento de la PTAR mediante el control de par\u00e1metros operativos, mejorando el desempe\u00f1o del sistema y reduciendo costos.<\/p>\n<\/div>\n\n\n\n<div class=\"wp-block-column has-nv-light-bg-background-color has-background is-layout-flow wp-block-column-is-layout-flow\">\n<div style=\"height:65px\" aria-hidden=\"true\" class=\"wp-block-spacer\"><\/div>\n\n\n\n<p class=\"has-text-align-center\"><strong>Operaci\u00f3n adaptada al sistema<\/strong><\/p>\n\n\n\n<p class=\"has-text-align-center has-small-font-size\">Cada planta es diferente. Dise\u00f1amos estrategias operativas ajustadas a las condiciones espec\u00edficas del sistema, caudales y cargas contaminantes.<\/p>\n<\/div>\n\n\n\n<div class=\"wp-block-column has-background is-layout-flow wp-block-column-is-layout-flow\" style=\"background-color:#d4ebf0\">\n<div style=\"height:64px\" aria-hidden=\"true\" class=\"wp-block-spacer\"><\/div>\n\n\n\n<p class=\"has-text-align-center\"><strong>Seguimiento t\u00e9cnico especializado<\/strong><\/p>\n\n\n\n<p class=\"has-text-align-center has-small-font-size\">Realizamos acompa\u00f1amiento  en la operaci\u00f3n, monitoreo y ajuste de procesos para asegurar estabilidad y cumplimiento de objetivos.<\/p>\n<\/div>\n\n\n\n<div class=\"wp-block-column has-nv-light-bg-background-color has-background is-layout-flow wp-block-column-is-layout-flow\">\n<div style=\"height:62px\" aria-hidden=\"true\" class=\"wp-block-spacer\"><\/div>\n\n\n\n<p class=\"has-text-align-center\"><strong>Cumplimiento ambiental<\/strong><\/p>\n\n\n\n<p class=\"has-text-align-center has-small-font-size\">Aseguramos que la operaci\u00f3n de la PTAR cumpla con la normativa vigente en vertimientos, minimizando riesgos y protegiendo el entorno.<\/p>\n<\/div>\n<\/div>\n\n\n\n<div style=\"height:100px\" aria-hidden=\"true\" class=\"wp-block-spacer\"><\/div>\n","protected":false},"excerpt":{"rendered":"<p>Ofrecemos servicios especializados en la asesor\u00eda, puesta en marcha y operaci\u00f3n de plantas de tratamiento de aguas residuales (PTAR), orientados a garantizar su funcionamiento eficiente, cumplimiento normativo y sostenibilidad operativa. \u00bfQu\u00e9 hacemos? Enfoque de valor Nuestro enfoque se basa en asegurar que cada sistema de tratamiento opere bajo condiciones \u00f3ptimas, reduciendo riesgos operativos, costos innecesarios&hellip;&nbsp;<a href=\"https:\/\/soicisa.com\/index.php\/15c42-web-agency-gb-news\/\" class=\"\" rel=\"bookmark\">Leer m\u00e1s &raquo;<span class=\"screen-reader-text\">Asesor\u00eda y Operaci\u00f3n de PTAR<\/span><\/a><\/p>\n","protected":false},"author":1,"featured_media":0,"parent":0,"menu_order":0,"comment_status":"closed","ping_status":"closed","template":"","meta":{"neve_meta_sidebar":"","neve_meta_container":"","neve_meta_enable_content_width":"off","neve_meta_content_width":0,"neve_meta_title_alignment":"","neve_meta_author_avatar":"","neve_post_elements_order":"","neve_meta_disable_header":"","neve_meta_disable_footer":"","neve_meta_disable_title":"on","_themeisle_gutenberg_block_has_review":false,"_ti_tpc_template_sync":false,"_ti_tpc_template_id":"","footnotes":""},"_links":{"self":[{"href":"https:\/\/soicisa.com\/index.php\/wp-json\/wp\/v2\/pages\/2"}],"collection":[{"href":"https:\/\/soicisa.com\/index.php\/wp-json\/wp\/v2\/pages"}],"about":[{"href":"https:\/\/soicisa.com\/index.php\/wp-json\/wp\/v2\/types\/page"}],"author":[{"embeddable":true,"href":"https:\/\/soicisa.com\/index.php\/wp-json\/wp\/v2\/users\/1"}],"replies":[{"embeddable":true,"href":"https:\/\/soicisa.com\/index.php\/wp-json\/wp\/v2\/comments?post=2"}],"version-history":[{"count":46,"href":"https:\/\/soicisa.com\/index.php\/wp-json\/wp\/v2\/pages\/2\/revisions"}],"predecessor-version":[{"id":622,"href":"https:\/\/soicisa.com\/index.php\/wp-json\/wp\/v2\/pages\/2\/revisions\/622"}],"wp:attachment":[{"href":"https:\/\/soicisa.com\/index.php\/wp-json\/wp\/v2\/media?parent=2"}],"curies":[{"name":"wp","href":"https:\/\/api.w.org\/{rel}","templated":true}]}}