{"id":307,"date":"2020-01-13T11:17:52","date_gmt":"2020-01-13T11:17:52","guid":{"rendered":"https:\/\/demosites.io\/web-agency-gb\/?page_id=5"},"modified":"2026-04-03T20:38:35","modified_gmt":"2026-04-03T20:38:35","slug":"15c42-web-agency-gb-home","status":"publish","type":"page","link":"https:\/\/soicisa.com\/","title":{"rendered":"Home"},"content":{"rendered":"\n<div class=\"wp-block-cover alignfull has-parallax\" style=\"min-height:549px\"><span aria-hidden=\"true\" class=\"wp-block-cover__background has-background-dim-30 has-background-dim\"><\/span><div role=\"img\" class=\"wp-block-cover__image-background wp-image-25 has-parallax\" style=\"background-position:50% 50%;background-image:url(http:\/\/soicisa.com\/wp-content\/uploads\/2023\/12\/735936916_230348283_1706x960.webp)\"><\/div><div class=\"wp-block-cover__inner-container is-layout-flow wp-block-cover-is-layout-flow\">\n<div style=\"height:80px\" aria-hidden=\"true\" class=\"wp-block-spacer\"><\/div>\n\n\n\n<h1 class=\"wp-block-heading has-text-align-center o-typing-fast has-nv-site-bg-color has-text-color has-large-font-size\" style=\"font-style:normal;font-weight:600\"><o-anim-typing>Soluciones en ingenier\u00eda civil, sanitaria y ambiental<\/o-anim-typing><\/h1>\n\n\n\n<div class=\"wp-block-buttons is-horizontal is-content-justification-center is-layout-flex wp-container-core-buttons-layout-1 wp-block-buttons-is-layout-flex\">\n<div class=\"wp-block-button is-style-secondary\"><a class=\"wp-block-button__link wp-element-button\" href=\"https:\/\/soicisa.com\/wp-admin\/post.php?post=308&amp;action\" target=\"_blank\" rel=\"noreferrer noopener\">LEER MAS<\/a><\/div>\n\n\n\n<div class=\"wp-block-button is-style-secondary\"><a class=\"wp-block-button__link has-nv-site-bg-color has-text-color has-link-color has-border-color has-nv-site-bg-border-color wp-element-button\" href=\"https:\/\/soicisa.com\/index.php\/15c42-web-agency-gb-contact-us\/\">CONTACTANOS<\/a><\/div>\n<\/div>\n\n\n\n<div style=\"height:80px\" aria-hidden=\"true\" class=\"wp-block-spacer\"><\/div>\n<\/div><\/div>\n\n\n\n<div style=\"height:91px\" aria-hidden=\"true\" class=\"wp-block-spacer\"><\/div>\n\n\n\n<h2 class=\"wp-block-heading alignfull has-text-align-center has-neve-link-hover-color-color has-text-color\" style=\"font-size:50px\">Servicios <\/h2>\n\n\n\n<div class=\"wp-block-columns is-layout-flex wp-container-core-columns-layout-1 wp-block-columns-is-layout-flex\">\n<div class=\"wp-block-column is-layout-flow wp-block-column-is-layout-flow\" style=\"border-style:none;border-width:0px;padding-top:0;padding-bottom:0;flex-basis:33.34%\">\n<div class=\"wp-block-cover is-light\"><span aria-hidden=\"true\" class=\"wp-block-cover__background has-neve-link-hover-color-background-color has-background-dim\"><\/span><img loading=\"lazy\" decoding=\"async\" width=\"1152\" height=\"864\" class=\"wp-block-cover__image-background wp-image-538\" alt=\"\" src=\"https:\/\/soicisa.com\/wp-content\/uploads\/2024\/03\/ejemplo-de-canal-2.jpg\" data-object-fit=\"cover\" srcset=\"https:\/\/soicisa.com\/wp-content\/uploads\/2024\/03\/ejemplo-de-canal-2.jpg 1152w, https:\/\/soicisa.com\/wp-content\/uploads\/2024\/03\/ejemplo-de-canal-2-300x225.jpg 300w, https:\/\/soicisa.com\/wp-content\/uploads\/2024\/03\/ejemplo-de-canal-2-1024x768.jpg 1024w, https:\/\/soicisa.com\/wp-content\/uploads\/2024\/03\/ejemplo-de-canal-2-768x576.jpg 768w\" sizes=\"(max-width: 1152px) 100vw, 1152px\" \/><div class=\"wp-block-cover__inner-container is-layout-constrained wp-block-cover-is-layout-constrained\">\n<p class=\"has-text-align-center has-nv-text-dark-bg-color has-text-color has-link-color wp-elements-ac284479aaf9daf0a3d2ba08ffdeba8b\" style=\"font-size:25px\"><strong>Recursos hidrol\u00f3gicos e hidr\u00e1ulicos<\/strong><\/p>\n\n\n\n<div class=\"wp-block-buttons is-content-justification-center is-layout-flex wp-container-core-buttons-layout-2 wp-block-buttons-is-layout-flex\">\n<div class=\"wp-block-button\"><a class=\"wp-block-button__link wp-element-button\" href=\"https:\/\/soicisa.com\/index.php\/15c42-web-agency-gb-news\/\">Leer mas<\/a><\/div>\n<\/div>\n<\/div><\/div>\n<\/div>\n\n\n\n<div class=\"wp-block-column is-layout-flow wp-block-column-is-layout-flow\" style=\"flex-basis:33.34%\">\n<div class=\"wp-block-cover is-light\"><span aria-hidden=\"true\" class=\"wp-block-cover__background has-neve-link-hover-color-background-color has-background-dim\"><\/span><img loading=\"lazy\" decoding=\"async\" width=\"2560\" height=\"1920\" class=\"wp-block-cover__image-background wp-image-623\" alt=\"\" src=\"https:\/\/soicisa.com\/wp-content\/uploads\/2026\/04\/20241023_130632-1-scaled.jpg\" data-object-fit=\"cover\" srcset=\"https:\/\/soicisa.com\/wp-content\/uploads\/2026\/04\/20241023_130632-1-scaled.jpg 2560w, https:\/\/soicisa.com\/wp-content\/uploads\/2026\/04\/20241023_130632-1-300x225.jpg 300w, https:\/\/soicisa.com\/wp-content\/uploads\/2026\/04\/20241023_130632-1-1024x768.jpg 1024w, https:\/\/soicisa.com\/wp-content\/uploads\/2026\/04\/20241023_130632-1-768x576.jpg 768w, https:\/\/soicisa.com\/wp-content\/uploads\/2026\/04\/20241023_130632-1-1536x1152.jpg 1536w, https:\/\/soicisa.com\/wp-content\/uploads\/2026\/04\/20241023_130632-1-2048x1536.jpg 2048w\" sizes=\"(max-width: 2560px) 100vw, 2560px\" \/><div class=\"wp-block-cover__inner-container is-layout-constrained wp-block-cover-is-layout-constrained\">\n<p class=\"has-text-align-center has-nv-text-dark-bg-color has-text-color has-link-color wp-elements-85ca918b98578cdaaed4319c68a46661\" style=\"font-size:25px\"><strong>Asesor\u00eda y operaci\u00f3n de PTAR<\/strong><\/p>\n\n\n\n<div class=\"wp-block-buttons is-content-justification-center is-layout-flex wp-container-core-buttons-layout-3 wp-block-buttons-is-layout-flex\">\n<div class=\"wp-block-button\"><a class=\"wp-block-button__link wp-element-button\" href=\"https:\/\/soicisa.com\/index.php\/15c42-web-agency-gb-news\/\">Leer mas<\/a><\/div>\n<\/div>\n<\/div><\/div>\n<\/div>\n\n\n\n<div class=\"wp-block-column is-layout-flow wp-block-column-is-layout-flow\" style=\"flex-basis:33.33%\">\n<div class=\"wp-block-cover\"><span aria-hidden=\"true\" class=\"wp-block-cover__background has-neve-link-hover-color-background-color has-background-dim\"><\/span><img loading=\"lazy\" decoding=\"async\" width=\"1080\" height=\"721\" class=\"wp-block-cover__image-background wp-image-358\" alt=\"\" src=\"https:\/\/soicisa.com\/wp-content\/uploads\/2023\/12\/aguas-residuales.jpg\" data-object-fit=\"cover\" srcset=\"https:\/\/soicisa.com\/wp-content\/uploads\/2023\/12\/aguas-residuales.jpg 1080w, https:\/\/soicisa.com\/wp-content\/uploads\/2023\/12\/aguas-residuales-300x200.jpg 300w, https:\/\/soicisa.com\/wp-content\/uploads\/2023\/12\/aguas-residuales-1024x684.jpg 1024w, https:\/\/soicisa.com\/wp-content\/uploads\/2023\/12\/aguas-residuales-768x513.jpg 768w, https:\/\/soicisa.com\/wp-content\/uploads\/2023\/12\/aguas-residuales-930x620.jpg 930w\" sizes=\"(max-width: 1080px) 100vw, 1080px\" \/><div class=\"wp-block-cover__inner-container is-layout-constrained wp-block-cover-is-layout-constrained\">\n<p class=\"has-text-align-center\" style=\"font-size:25px\"><strong>Estudios ambientales<\/strong><\/p>\n\n\n\n<div class=\"wp-block-buttons is-content-justification-center is-layout-flex wp-container-core-buttons-layout-4 wp-block-buttons-is-layout-flex\">\n<div class=\"wp-block-button\"><a class=\"wp-block-button__link wp-element-button\">Leer mas<\/a><\/div>\n<\/div>\n<\/div><\/div>\n<\/div>\n<\/div>\n\n\n\n<div style=\"height:100px\" aria-hidden=\"true\" class=\"wp-block-spacer\"><\/div>\n\n\n\n<div class=\"wp-block-cover aligncenter has-custom-content-position is-position-center-right\" style=\"min-height:577px\"><span aria-hidden=\"true\" class=\"wp-block-cover__background has-nv-light-bg-background-color has-background-dim-100 has-background-dim\"><\/span><div class=\"wp-block-cover__inner-container is-layout-flow wp-block-cover-is-layout-flow\">\n<div class=\"wp-block-group is-layout-flow wp-block-group-is-layout-flow\"><div class=\"wp-block-group__inner-container\">\n<div style=\"height:14px\" aria-hidden=\"true\" class=\"wp-block-spacer\"><\/div>\n\n\n\n<div class=\"wp-block-columns is-layout-flex wp-container-core-columns-layout-2 wp-block-columns-is-layout-flex\">\n<div class=\"wp-block-column is-vertically-aligned-bottom is-layout-flow wp-block-column-is-layout-flow\" style=\"flex-basis:50%\">\n<figure class=\"wp-block-image size-large\"><img loading=\"lazy\" decoding=\"async\" width=\"1024\" height=\"1015\" src=\"https:\/\/soicisa.com\/wp-content\/uploads\/2024\/08\/ImgproIng-1024x1015.jpg\" alt=\"\" class=\"wp-image-564\" srcset=\"https:\/\/soicisa.com\/wp-content\/uploads\/2024\/08\/ImgproIng-1024x1015.jpg 1024w, https:\/\/soicisa.com\/wp-content\/uploads\/2024\/08\/ImgproIng-300x297.jpg 300w, https:\/\/soicisa.com\/wp-content\/uploads\/2024\/08\/ImgproIng-150x150.jpg 150w, https:\/\/soicisa.com\/wp-content\/uploads\/2024\/08\/ImgproIng-768x762.jpg 768w, https:\/\/soicisa.com\/wp-content\/uploads\/2024\/08\/ImgproIng-1536x1523.jpg 1536w, https:\/\/soicisa.com\/wp-content\/uploads\/2024\/08\/ImgproIng-2048x2031.jpg 2048w\" sizes=\"(max-width: 1024px) 100vw, 1024px\" \/><\/figure>\n<\/div>\n\n\n\n<div class=\"wp-block-column is-vertically-aligned-center is-layout-flow wp-block-column-is-layout-flow\" style=\"flex-basis:60%\">\n<h2 class=\"wp-block-heading has-text-align-center o-typing-faster has-neve-link-hover-color-color has-text-color has-link-color wp-elements-2ef7884c1e2ef6202019da991a00902f\" id=\"schedule-a-visit\" style=\"font-size:43px;line-height:1.15\"><strong>Nosotros<\/strong><\/h2>\n\n\n\n<p class=\"has-text-align-center has-neve-text-color-color has-text-color\" style=\"font-size:17px\">Somos una firma de ingenier\u00eda dedicada a la consultor\u00eda y desarrollo de proyectos de infraestructura, especializada en agua potable y saneamiento b\u00e1sico, enfocada en generar soluciones t\u00e9cnicas sostenibles para el desarrollo de los territorios. &nbsp;<\/p>\n\n\n\n<div class=\"wp-block-buttons alignwide is-horizontal is-content-justification-center is-layout-flex wp-container-core-buttons-layout-5 wp-block-buttons-is-layout-flex\">\n<div class=\"wp-block-button is-style-primary\"><a class=\"wp-block-button__link wp-element-button\" href=\"https:\/\/soicisa.com\/web-agency-gb-portfolio-single\/\">LEER MAS<\/a><\/div>\n\n\n<\/div>\n<\/div>\n<\/div>\n\n\n\n<div style=\"height:31px\" aria-hidden=\"true\" class=\"wp-block-spacer\"><\/div>\n<\/div><\/div>\n<\/div><\/div>\n\n\n\n<div class=\"wp-block-cover has-parallax\" style=\"min-height:322px\"><span aria-hidden=\"true\" class=\"wp-block-cover__background has-nv-site-bg-background-color has-background-dim\"><\/span><div role=\"img\" class=\"wp-block-cover__image-background wp-image-370 has-parallax\" style=\"background-position:50% 50%;background-image:url(http:\/\/soicisa.com\/wp-content\/uploads\/2023\/12\/b05aefde6fa8ab101da73492138959ed.jpg)\"><\/div><div class=\"wp-block-cover__inner-container is-layout-flow wp-block-cover-is-layout-flow\">\n<div class=\"wp-block-group is-vertical is-content-justification-center is-layout-flex wp-container-core-group-layout-3 wp-block-group-is-layout-flex\">\n<div class=\"wp-block-columns is-layout-flex wp-container-core-columns-layout-3 wp-block-columns-is-layout-flex\">\n<div class=\"wp-block-column is-vertically-aligned-center is-layout-flow wp-block-column-is-layout-flow\" style=\"flex-basis:100%\">\n<h2 class=\"wp-block-heading alignwide has-text-align-left o-typing-faster has-neve-link-hover-color-color has-text-color\">Conf\u00eda en nuestra experiencia<\/h2>\n\n\n\n<div class=\"wp-block-group alignwide is-layout-constrained wp-block-group-is-layout-constrained\"><div class=\"wp-block-group__inner-container\">\n<p><mark style=\"background-color:rgba(0, 0, 0, 0)\" class=\"has-inline-color has-neve-text-color-color\">Desarrollamos soluciones en ingenier\u00eda con enfoque en agua potable y saneamiento b\u00e1sico, integrando conocimiento t\u00e9cnico, cumplimiento normativo y visi\u00f3n territorial.<\/mark><\/p>\n\n\n\n<p><mark style=\"background-color:rgba(0, 0, 0, 0)\" class=\"has-inline-color has-neve-text-color-color\">Acompa\u00f1amos a nuestros clientes en todas las etapas del proyecto, desde la planificaci\u00f3n hasta la ejecuci\u00f3n, garantizando resultados eficientes y sostenibles.<\/mark><\/p>\n<\/div><\/div>\n<\/div>\n<\/div>\n\n\n\n<div style=\"height:40px;width:0px\" aria-hidden=\"true\" class=\"wp-block-spacer wp-container-content-1\"><\/div>\n<\/div>\n<\/div><\/div>\n\n\n\n<div class=\"wp-block-group alignfull has-text-color has-background is-layout-flow wp-block-group-is-layout-flow\" style=\"color:#000000;background-color:#ffffff\"><div class=\"wp-block-group__inner-container\">\n<figure class=\"wp-block-gallery has-nested-images columns-default is-cropped wp-block-gallery-2 is-layout-flex wp-block-gallery-is-layout-flex\">\n<figure class=\"wp-block-image size-large\"><img loading=\"lazy\" decoding=\"async\" width=\"1024\" height=\"683\" src=\"https:\/\/soicisa.com\/wp-content\/uploads\/2023\/12\/1.jpeg\" alt=\"\" class=\"wp-image-374\" srcset=\"https:\/\/soicisa.com\/wp-content\/uploads\/2023\/12\/1.jpeg 1024w, https:\/\/soicisa.com\/wp-content\/uploads\/2023\/12\/1-300x200.jpeg 300w, https:\/\/soicisa.com\/wp-content\/uploads\/2023\/12\/1-768x512.jpeg 768w, https:\/\/soicisa.com\/wp-content\/uploads\/2023\/12\/1-930x620.jpeg 930w\" sizes=\"(max-width: 1024px) 100vw, 1024px\" \/><\/figure>\n\n\n\n<figure class=\"wp-block-image size-large\"><img loading=\"lazy\" decoding=\"async\" width=\"612\" height=\"410\" src=\"https:\/\/soicisa.com\/wp-content\/uploads\/2023\/12\/2.jpeg\" alt=\"\" class=\"wp-image-373\" srcset=\"https:\/\/soicisa.com\/wp-content\/uploads\/2023\/12\/2.jpeg 612w, https:\/\/soicisa.com\/wp-content\/uploads\/2023\/12\/2-300x201.jpeg 300w\" sizes=\"(max-width: 612px) 100vw, 612px\" \/><\/figure>\n<\/figure>\n\n\n\n<div style=\"height:64px\" aria-hidden=\"true\" class=\"wp-block-spacer\"><\/div>\n\n\n\n<div class=\"wp-block-buttons is-horizontal is-content-justification-center is-layout-flex wp-container-core-buttons-layout-6 wp-block-buttons-is-layout-flex\">\n<div class=\"wp-block-button has-custom-width wp-block-button__width-50\"><a class=\"wp-block-button__link has-neve-link-color-background-color has-text-color has-background wp-element-button\" href=\"https:\/\/soicisa.com\/index.php\/15c42-web-agency-gb-contact-us\/\" style=\"border-radius:50px;color:#ffffff\">CONTACTANOS<\/a><\/div>\n<\/div>\n\n\n\n<ul class=\"wp-block-social-links is-layout-flex wp-block-social-links-is-layout-flex\"><\/ul>\n\n\n\n<div style=\"height:64px\" aria-hidden=\"true\" class=\"wp-block-spacer\"><\/div>\n<\/div><\/div>\n\n\n\n<div class=\"wp-block-buttons is-layout-flex wp-block-buttons-is-layout-flex\">\n\n\n\n\n\n\n\n\n\n<\/div>\n","protected":false},"excerpt":{"rendered":"<p>Servicios<\/p>\n","protected":false},"author":1,"featured_media":0,"parent":0,"menu_order":0,"comment_status":"closed","ping_status":"closed","template":"page-templates\/template-pagebuilder-full-width.php","meta":{"neve_meta_sidebar":"","neve_meta_container":"","neve_meta_enable_content_width":"on","neve_meta_content_width":100,"neve_meta_title_alignment":"","neve_meta_author_avatar":"","neve_post_elements_order":"","neve_meta_disable_header":"","neve_meta_disable_footer":"","neve_meta_disable_title":"on","_themeisle_gutenberg_block_has_review":false,"_ti_tpc_template_sync":false,"_ti_tpc_template_id":"5udqur826ojgsxrmsxsc","footnotes":""},"_links":{"self":[{"href":"https:\/\/soicisa.com\/index.php\/wp-json\/wp\/v2\/pages\/307"}],"collection":[{"href":"https:\/\/soicisa.com\/index.php\/wp-json\/wp\/v2\/pages"}],"about":[{"href":"https:\/\/soicisa.com\/index.php\/wp-json\/wp\/v2\/types\/page"}],"author":[{"embeddable":true,"href":"https:\/\/soicisa.com\/index.php\/wp-json\/wp\/v2\/users\/1"}],"replies":[{"embeddable":true,"href":"https:\/\/soicisa.com\/index.php\/wp-json\/wp\/v2\/comments?post=307"}],"version-history":[{"count":65,"href":"https:\/\/soicisa.com\/index.php\/wp-json\/wp\/v2\/pages\/307\/revisions"}],"predecessor-version":[{"id":643,"href":"https:\/\/soicisa.com\/index.php\/wp-json\/wp\/v2\/pages\/307\/revisions\/643"}],"wp:attachment":[{"href":"https:\/\/soicisa.com\/index.php\/wp-json\/wp\/v2\/media?parent=307"}],"curies":[{"name":"wp","href":"https:\/\/api.w.org\/{rel}","templated":true}]}}